{"id":414,"date":"2023-05-23T15:35:10","date_gmt":"2023-05-23T15:35:10","guid":{"rendered":"https:\/\/98db.fr\/?page_id=414"},"modified":"2023-05-23T15:35:10","modified_gmt":"2023-05-23T15:35:10","slug":"mentions-legales","status":"publish","type":"page","link":"https:\/\/98db.fr\/fr\/mentions-legales\/","title":{"rendered":"Mentions l\u00e9gales"},"content":{"rendered":"<p><span style=\"color: #02204d;\"><strong><span style=\"font-family: Georgia, Palatino; font-size: 14pt;\">MENTIONS LEGALES<\/span><\/strong><\/span><\/p>\n<p><span style=\"color: #333333;\"><strong><span style=\"font-family: Georgia, Palatino; font-size: 14pt;\">98 dB Productions<\/span><\/strong><\/span><br \/>\n<span style=\"font-family: Georgia, Palatino; font-size: 14pt; color: #333333;\">SAS au capital de 500\u20ac, immatricul\u00e9e 949 664 411 au RCS de Besan\u00e7on<\/span><br \/>\n<span style=\"font-family: Georgia, Palatino; font-size: 14pt; color: #333333;\">TVA non applicable &#8211; article 293 B du CGI<\/span><\/p>\n<p><span style=\"color: #333333;\"><strong><span style=\"font-family: Georgia, Palatino; font-size: 14pt;\">Si\u00e8ge social<\/span><\/strong><\/span><br \/>\n<span style=\"font-family: Georgia, Palatino; font-size: 14pt; color: #333333;\">8 Chemin du sanatorium \u2013 25000 BESANCON<\/span><br \/>\n<span style=\"font-family: Georgia, Palatino; font-size: 14pt; color: #333333;\">tel. 06 37 61 18 54<\/span><br \/>\n<span style=\"font-family: Georgia, Palatino; font-size: 14pt; color: #333333;\">mail : contact@98dbproductions.com<\/span><\/p>\n<p>&nbsp;<\/p>\n<p><span style=\"color: #333333;\"><strong><span style=\"font-family: Georgia, Palatino; font-size: 14pt;\">H\u00e9bergement :<\/span><\/strong><\/span><br \/>\n<span style=\"font-family: Georgia, Palatino; font-size: 14pt; color: #333333;\">Association Infinite Connection<\/span><br \/>\n<span style=\"font-family: Georgia, Palatino; font-size: 14pt; color: #333333;\">6 Avenue du Ponceau &#8211; 95000 CERGY<\/span><br \/>\n<span style=\"font-family: Georgia, Palatino; font-size: 14pt; color: #333333;\">tel. 06 75 98 21 20<\/span><\/p>","protected":false},"excerpt":{"rendered":"<p>MENTIONS LEGALES 98 dB Productions SAS au capital de 500\u20ac, immatricul\u00e9e 949 664 411 au RCS de Besan\u00e7on TVA non applicable &#8211; article 293 B du CGI Si\u00e8ge social 8 Chemin du sanatorium \u2013 25000 BESANCON tel. 06 37 61 18 54 mail : contact@98dbproductions.com &nbsp; H\u00e9bergement : Association Infinite Connection 6 Avenue du Ponceau [&hellip;]<\/p>","protected":false},"author":3,"featured_media":0,"parent":0,"menu_order":0,"comment_status":"closed","ping_status":"closed","template":"","meta":[],"_links":{"self":[{"href":"https:\/\/98db.fr\/fr\/wp-json\/wp\/v2\/pages\/414"}],"collection":[{"href":"https:\/\/98db.fr\/fr\/wp-json\/wp\/v2\/pages"}],"about":[{"href":"https:\/\/98db.fr\/fr\/wp-json\/wp\/v2\/types\/page"}],"author":[{"embeddable":true,"href":"https:\/\/98db.fr\/fr\/wp-json\/wp\/v2\/users\/3"}],"replies":[{"embeddable":true,"href":"https:\/\/98db.fr\/fr\/wp-json\/wp\/v2\/comments?post=414"}],"version-history":[{"count":2,"href":"https:\/\/98db.fr\/fr\/wp-json\/wp\/v2\/pages\/414\/revisions"}],"predecessor-version":[{"id":416,"href":"https:\/\/98db.fr\/fr\/wp-json\/wp\/v2\/pages\/414\/revisions\/416"}],"wp:attachment":[{"href":"https:\/\/98db.fr\/fr\/wp-json\/wp\/v2\/media?parent=414"}],"curies":[{"name":"wp","href":"https:\/\/api.w.org\/{rel}","templated":true}]}}