{"id":3,"date":"2022-11-11T02:13:05","date_gmt":"2022-11-11T02:13:05","guid":{"rendered":"http:\/?page_id=3"},"modified":"2023-05-23T15:33:13","modified_gmt":"2023-05-23T15:33:13","slug":"donnees","status":"publish","type":"page","link":"https:\/\/98db.fr\/fr\/donnees\/","title":{"rendered":"Politique de protection des donn\u00e9es personnelles"},"content":{"rendered":"<h1><span style=\"color: #02204d;\"><strong><span style=\"font-family: Georgia, Palatino;\">Politique de protection des donn\u00e9es personnelles<\/span><\/strong><\/span><\/h1>\n<p style=\"text-align: justify;\"><span style=\"font-family: Georgia, Palatino; font-size: 14pt; color: #333333;\">J\u2019ai fait le choix de l\u2019h\u00e9bergement du site internet de 98 dB Productions aupr\u00e8s de l\u2019association Infinite Connection, bas\u00e9e en France, et dont le but est de vous rendre le contr\u00f4le de vos donn\u00e9es.<\/span><\/p>\n<p style=\"text-align: justify;\"><span style=\"font-family: Georgia, Palatino; font-size: 14pt; color: #333333;\">En cons\u00e9quence, ma position dans ce domaine est claire\u00a0: seules les donn\u00e9es strictement n\u00e9cessaires sont collect\u00e9es, c\u2019est \u00e0 dire votre adresse mail et votre num\u00e9ro de t\u00e9l\u00e9phone lorsque vous souhaitez utiliser le formulaire de contact, afin de pouvoir vous r\u00e9pondre. Ces donn\u00e9es ne seront jamais communiqu\u00e9es \u00e0 des tiers sans votre consentement.<\/span><\/p>\n<p style=\"text-align: justify;\"><span style=\"font-family: Georgia, Palatino; font-size: 14pt; color: #333333;\">De mani\u00e8re plus formelle et d\u00e9taill\u00e9e, les informations recueillies sur ce site sont utilis\u00e9es par la soci\u00e9t\u00e9 98 dB Productions SAS pour pouvoir vous r\u00e9pondre personnellement suite \u00e0 une demande via notre formulaire de contact.<\/span><\/p>\n<p style=\"text-align: justify;\"><span style=\"font-family: Georgia, Palatino; font-size: 14pt; color: #333333;\">La base l\u00e9gale repose donc sur le fait que personne concern\u00e9e a consenti au traitement de ses donn\u00e9es \u00e0 caract\u00e8re personnel pour une ou plusieurs finalit\u00e9s sp\u00e9cifiques (Obtenir une r\u00e9ponse personnelle \u00e0 sa question) Les donn\u00e9es collect\u00e9es ne seront communiqu\u00e9e qu\u2019\u00e0 la soci\u00e9t\u00e9 98 dB Productions SAS.<\/span><\/p>\n<p style=\"text-align: justify;\"><span style=\"font-family: Georgia, Palatino; font-size: 14pt; color: #333333;\">La communication de donn\u00e9es personnelles \u00e0 des tiers ne pourra se faire qu\u2019avec votre consentement pr\u00e9alable, et dans des situations n\u00e9cessitant une telle communication (Par exemple, l\u2019ex\u00e9cution d\u2019une prestation en collaboration avec une autre entreprise).<\/span><\/p>\n<p style=\"text-align: justify;\"><span style=\"font-family: Georgia, Palatino; font-size: 14pt; color: #333333;\">Les donn\u00e9es sont conserv\u00e9es pendant 2 ans \u00e0 compter du dernier \u00e9change entre 98 dB Productions SAS et vous.<\/span><\/p>\n<p style=\"text-align: justify;\"><span style=\"font-family: Georgia, Palatino; font-size: 14pt; color: #333333;\">Vous pouvez acc\u00e9der aux donn\u00e9es vous concernant, les rectifier, demander leur effacement ou exercer votre droit \u00e0 la limitation du traitement de vos donn\u00e9es. Vous pouvez retirer \u00e0 tout moment votre consentement au traitement de vos donn\u00e9es.<\/span><\/p>\n<p style=\"text-align: justify;\"><span style=\"font-family: Georgia, Palatino; font-size: 14pt; color: #333333;\">Consultez le site cnil.fr pour plus d\u2019informations sur vos droits. Pour exercer ces droits ou pour toute question sur le traitement de vos donn\u00e9es dans ce dispositif, vous pouvez contacter le si\u00e8ge social de 98 dB Productions (voir Mentions L\u00e9gales).<\/span><\/p>\n<p style=\"text-align: justify;\"><span style=\"font-family: Georgia, Palatino; font-size: 14pt; color: #333333;\">Si vous estimez, apr\u00e8s nous avoir contact\u00e9s, que vos droits \u00ab Informatique et Libert\u00e9s \u00bb ne sont pas respect\u00e9s, vous pouvez adresser une r\u00e9clamation \u00e0 la CNIL.<\/span><\/p>","protected":false},"excerpt":{"rendered":"<p>Politique de protection des donn\u00e9es personnelles J\u2019ai fait le choix de l\u2019h\u00e9bergement du site internet de 98 dB Productions aupr\u00e8s de l\u2019association Infinite Connection, bas\u00e9e en France, et dont le but est de vous rendre le contr\u00f4le de vos donn\u00e9es. En cons\u00e9quence, ma position dans ce domaine est claire\u00a0: seules les donn\u00e9es strictement n\u00e9cessaires sont [&hellip;]<\/p>","protected":false},"author":1,"featured_media":0,"parent":0,"menu_order":0,"comment_status":"closed","ping_status":"open","template":"","meta":[],"_links":{"self":[{"href":"https:\/\/98db.fr\/fr\/wp-json\/wp\/v2\/pages\/3"}],"collection":[{"href":"https:\/\/98db.fr\/fr\/wp-json\/wp\/v2\/pages"}],"about":[{"href":"https:\/\/98db.fr\/fr\/wp-json\/wp\/v2\/types\/page"}],"author":[{"embeddable":true,"href":"https:\/\/98db.fr\/fr\/wp-json\/wp\/v2\/users\/1"}],"replies":[{"embeddable":true,"href":"https:\/\/98db.fr\/fr\/wp-json\/wp\/v2\/comments?post=3"}],"version-history":[{"count":5,"href":"https:\/\/98db.fr\/fr\/wp-json\/wp\/v2\/pages\/3\/revisions"}],"predecessor-version":[{"id":409,"href":"https:\/\/98db.fr\/fr\/wp-json\/wp\/v2\/pages\/3\/revisions\/409"}],"wp:attachment":[{"href":"https:\/\/98db.fr\/fr\/wp-json\/wp\/v2\/media?parent=3"}],"curies":[{"name":"wp","href":"https:\/\/api.w.org\/{rel}","templated":true}]}}